{"id":1917,"date":"2021-02-03T11:05:06","date_gmt":"2021-02-03T10:05:06","guid":{"rendered":"http:\/\/www.anticasena.it\/anticasena.it\/?page_id=1917"},"modified":"2021-07-06T14:47:07","modified_gmt":"2021-07-06T12:47:07","slug":"privacy","status":"publish","type":"page","link":"https:\/\/anticasena.it\/en\/privacy\/","title":{"rendered":"Privacy"},"content":{"rendered":"<div class=\"fusion-fullwidth fullwidth-box fusion-builder-row-1 fusion-flex-container nonhundred-percent-fullwidth non-hundred-percent-height-scrolling\" style=\"--awb-border-radius-top-left:0px;--awb-border-radius-top-right:0px;--awb-border-radius-bottom-right:0px;--awb-border-radius-bottom-left:0px;--awb-flex-wrap:wrap;\" ><div class=\"fusion-builder-row fusion-row fusion-flex-align-items-flex-start fusion-flex-content-wrap\" style=\"max-width:1216.8px;margin-left: calc(-4% \/ 2 );margin-right: calc(-4% \/ 2 );\"><div class=\"fusion-layout-column fusion_builder_column fusion-builder-column-0 fusion_builder_column_1_1 1_1 fusion-flex-column\" style=\"--awb-bg-size:cover;--awb-width-large:100%;--awb-margin-top-large:0px;--awb-spacing-right-large:1.92%;--awb-margin-bottom-large:0px;--awb-spacing-left-large:1.92%;--awb-width-medium:100%;--awb-spacing-right-medium:1.92%;--awb-spacing-left-medium:1.92%;--awb-width-small:100%;--awb-spacing-right-small:1.92%;--awb-spacing-left-small:1.92%;\"><div class=\"fusion-column-wrapper fusion-flex-justify-content-flex-start fusion-content-layout-column\"><div class=\"fusion-text fusion-text-1\"><h1 class=\"p1\"><span class=\"s1\">Informativa Privacy<\/span><\/h1>\n<p class=\"p2\"><span class=\"s1\">In ottemperanza degli obblighi derivanti dalla normativa nazionale (D. Lgs 30 giugno 2003 n. 196, Codice in materia di protezione dei dati personali) e comunitaria, (Regolamento europeo per la protezione dei dati personali n. 679\/2016, GDPR) e successive modifiche, il presente sito rispetta e tutela la riservatezza dei visitatori e degli utenti, ponendo in essere ogni sforzo possibile e proporzionato per non ledere i diritti degli utenti.<\/span><\/p>\n<p class=\"p2\"><span class=\"s1\">La presente privacy policy si applica esclusivamente alle attivit\u00e0 online del presente sito ed \u00e8 valida per i visitatori\/utenti del sito. Non si applica alle informazioni eventualmente raccolte tramite canali diversi dal presente sito web.<\/span><\/p>\n<p class=\"p2\"><span class=\"s1\">Lo scopo dell\u2019informativa privacy \u00e8 di fornire la massima trasparenza relativamente alle informazioni che il sito raccoglie e come le usa.<\/span><\/p>\n<p class=\"p2\"><span class=\"s1\">\u00a0<\/span><\/p>\n<p class=\"p1\"><span class=\"s1\"><b>Base giuridica del trattamento<\/b><\/span><\/p>\n<p class=\"p2\"><span class=\"s1\">Il presente sito tratta i dati in base al consenso.\u00a0Con l\u2019uso o la consultazione del presente sito i visitatori e gli utenti approvano esplicitamente la presente informativa privacy e acconsentono al trattamento dei loro dati personali in relazione alle modalit\u00e0 e alle finalit\u00e0 di seguito descritte, compreso l\u2019eventuale diffusione a terzi se necessaria per l\u2019erogazione di un servizio.<\/span><\/p>\n<p class=\"p2\"><span class=\"s1\">Il conferimento dei dati e quindi il Consenso alla raccolta e al trattamento dei dati \u00e8 facoltativo, l\u2019Utente pu\u00f2 negare il consenso, e pu\u00f2 revocare in qualsiasi momento un consenso gi\u00e0 fornito inviando una email al seguente indirizzo: <a href=\"mailto:info@anticasena.it\">mailto:info@anticasena.it<\/a>\u00a0<\/span><\/p>\n<p class=\"p2\"><span class=\"s1\">Tuttavia, negare il consenso pu\u00f2 comportare l\u2019impossibilit\u00e0 di erogare alcuni servizi e l\u2019esperienza di navigazione nel sito potrebbe essere compromessa.<\/span><\/p>\n<p class=\"p2\"><span class=\"s1\">A partire dal 25 maggio 2018 (data di entrata in vigore del GDPR), il presente sito tratter\u00e0 alcuni dei dati in base ai legittimi interessi del titolare del trattamento.<\/span><\/p>\n<p class=\"p1\"><span class=\"s1\"><b>\u00a0<\/b><\/span><\/p>\n<p class=\"p1\"><span class=\"s1\"><b>Dati raccolti e finalit\u00e0<\/b><\/span><\/p>\n<p class=\"p2\"><span class=\"s1\">Come tutti i siti web anche il presente sito fa uso di log files nei quali vengono conservate informazioni raccolte in maniera automatizzata durante le visite degli utenti. Le informazioni raccolte possono essere le seguenti:<\/span><\/p>\n<p class=\"p2\"><span class=\"s1\">&#8211;\u00a0\u00a0\u00a0\u00a0\u00a0\u00a0indirizzo internet protocol (IP);<\/span><\/p>\n<p class=\"p2\"><span class=\"s1\">&#8211;\u00a0\u00a0\u00a0\u00a0\u00a0\u00a0di browser e parametri del dispositivo usato per connettersi al sito;<\/span><\/p>\n<p class=\"p2\"><span class=\"s1\">&#8211;\u00a0\u00a0\u00a0\u00a0\u00a0\u00a0nome dell\u2019internet service provider (ISP);<\/span><\/p>\n<p class=\"p2\"><span class=\"s1\">&#8211;\u00a0\u00a0\u00a0\u00a0\u00a0\u00a0data e orario di visita;<\/span><\/p>\n<p class=\"p2\"><span class=\"s1\">&#8211;\u00a0\u00a0\u00a0\u00a0\u00a0\u00a0pagina web di provenienza del visitatore (referral) e di uscita;<\/span><\/p>\n<p class=\"p2\"><span class=\"s1\">&#8211;\u00a0\u00a0\u00a0\u00a0\u00a0\u00a0nazione di provenienza;<\/span><\/p>\n<p class=\"p2\"><span class=\"s1\">&#8211;\u00a0\u00a0\u00a0\u00a0\u00a0\u00a0eventualmente il numero di click.<\/span><\/p>\n<p class=\"p2\"><span class=\"s1\">La raccolta di dati e informazioni avviene per le seguenti\u00a0finalit\u00e0:<\/span><\/p>\n<p class=\"p2\"><span class=\"s1\">&#8211;\u00a0\u00a0\u00a0\u00a0\u00a0\u00a0in forma esclusivamente aggregata e anonima al fine di verificare il corretto\u00a0funzionamento del sito. Nessuna di queste informazioni \u00e8 correlata alla persona fisica-Utente del sito, e non ne consentono in alcun modo l\u2019identificazione (dal 25 maggio 2018 tali informazioni saranno trattate in base ai legittimi interessi del titolare);<\/span><\/p>\n<p class=\"p2\"><span class=\"s1\">&#8211;\u00a0\u00a0\u00a0\u00a0\u00a0\u00a0a\u00a0fini di sicurezza\u00a0(filtri antispam, firewall, rilevazione virus), i dati registrati automaticamente possono eventualmente comprendere anche dati personali come l\u2019indirizzo Ip, che potrebbe essere utilizzato, conformemente alle leggi vigenti in materia, al fine di bloccare tentativi di danneggiamento al sito medesimo o di recare danno ad altri utenti, o comunque attivit\u00e0 dannose o costituenti reato. Tali dati non sono mai utilizzati per l\u2019identificazione o la profilazione dell\u2019utente, n\u00e9 incrociati con altri dati, n\u00e9 forniti a terzi, ma utilizzati solo a fini di tutela del sito e dei suoi utenti (dal 25 maggio 2018 tali informazioni saranno trattate in base ai legittimi interessi del titolare);<\/span><\/p>\n<p class=\"p2\"><span class=\"s1\">&#8211;\u00a0\u00a0\u00a0\u00a0\u00a0\u00a0comunicare i dati a terze parti che svolgono funzioni necessarie o strumentali all\u2019operativit\u00e0 del servizio, come ad esempio la gestione dei commenti sul sito.<\/span><\/p>\n<p class=\"p2\"><span class=\"s1\">Qualora il sito consenta l\u2019inserimento di\u00a0commenti, oppure in caso di specifici servizi richiesti dall\u2019utente (tramite la sezione Contatti), il sito rileva automaticamente e registra alcuni dati personali\u00a0\u00a0identificativi dell\u2019utente, compreso l\u2019indirizzo mail e il nickname. Tali dati si intendono volontariamente forniti dall\u2019utente al momento dell\u2019erogazione del servizio, e sono trattati in base al consenso. Inserendo un commento o altra informazione l\u2019utente accetta espressamente l\u2019informativa privacy, e in particolare acconsente che i contenuti inseriti siano liberamente visualizzabili anche per altri visitatori.<\/span><\/p>\n<p class=\"p2\"><span class=\"s1\">I dati ricevuti verranno utilizzati esclusivamente per l\u2019erogazione del servizio richiesto e per il solo tempo necessario per la fornitura del servizio.<\/span><\/p>\n<p class=\"p2\"><span class=\"s1\">Le informazioni che gli utenti del sito riterranno di rendere pubbliche tramite i servizi e gli strumenti messi a disposizione degli stessi, sono fornite dall\u2019utente consapevolmente e volontariamente, esentando il presente sito da qualsiasi responsabilit\u00e0 in merito ad eventuali violazioni delle leggi. Spetta all\u2019utente verificare di avere i permessi per l\u2019immissione di dati personali di terzi o di contenuti tutelati dalle norme nazionali ed internazionali.<\/span><\/p>\n<p class=\"p2\"><span class=\"s1\">Se i commenti sono gestiti tramite un servizio esterno, si rimanda alle policy del servizio.<\/span><\/p>\n<p class=\"p2\"><span class=\"s1\">I dati raccolti dal sito durante il suo funzionamento sono utilizzati esclusivamente per le finalit\u00e0 sopra indicate e conservati per il tempo strettamente necessario a svolgere le attivit\u00e0 precisate. In ogni caso i dati personali rilevati dal sito non saranno forniti mai a terzi, per nessuna ragione, a meno che non si tratti di legittima richiesta da parte dell\u2019autorit\u00e0 giudiziaria e nei soli casi previsti dalla legge. I dati per\u00f2 potranno essere forniti a terzi qualora ci\u00f2 sia necessario per la fornitura di uno specifico servizio richiesto dell\u2019Utente (es. gestione dei commenti), oppure per l\u2019esecuzione di controlli di sicurezza o di ottimizzazione del sito.<\/span><\/p>\n<p class=\"p2\"><span class=\"s1\">\u00a0<\/span><\/p>\n<p class=\"p1\"><span class=\"s1\"><b>Nel sito web potranno essere raccolti dati e pi\u00f9 precisamente nelle pagine dedicate agli acquisti<\/b><\/span><span class=\"s3\">\u00a0<\/span><\/p>\n<p class=\"p2\"><span class=\"s1\">I dati saranno trattati secondo le modalit\u00e0 indicate nella pagina stessa ai fini della vendita e sia che si sia conclusa positivamente e\/o negativamente i dati raccolti saranno conservati ma mai diffusi a terzi.<\/span><\/p>\n<p class=\"p1\"><span class=\"s1\"><b>\u00a0<\/b><\/span><\/p>\n<p class=\"p2\"><span class=\"s1\">\u00a0<\/span><\/p>\n<p class=\"p1\"><span class=\"s1\"><b>Misure di sicurezza<\/b><\/span><\/p>\n<p class=\"p2\"><span class=\"s1\">Il presente sito tratta i dati degli utenti in maniera lecita e corretta, adottando le opportune misure di sicurezza volte ad impedire accessi non autorizzati, divulgazione, modifica o distruzione non autorizzata dei dati. Il trattamento viene effettuato mediante strumenti informatici e\/o telematici, con modalit\u00e0 organizzative e con logiche strettamente correlate alle finalit\u00e0 indicate. In particolare il software di gestione dei sito \u00e8 costantemente aggiornato, e regolarmente scansionato al fine di verificare la presenza di virus e codici pericolosi.<\/span><\/p>\n<p class=\"p2\"><span class=\"s1\">Oltre al titolare, in alcuni casi, potrebbero avere accesso ai dati categorie di incaricati coinvolti nell\u2019organizzazione del sito (personale amministrativo, commerciale, marketing, legali, amministratori di sistema) ovvero soggetti esterni (come fornitori di servizi tecnici terzi, corrieri postali, hosting provider, societ\u00e0 informatiche, agenzie di comunicazione).<\/span><\/p>\n<p class=\"p1\"><span class=\"s1\"><b>\u00a0<\/b><\/span><\/p>\n<p class=\"p1\"><span class=\"s1\"><b>Diritti dell\u2019utente<\/b><\/span><\/p>\n<p class=\"p2\"><span class=\"s1\">Ai sensi del Regolamento europeo 679\/2016 (GDPR) e dell\u2019art. 7 del D. Lgs. 30 giugno 2003, n. 196\u00a0<a href=\"https:\/\/www.garanteprivacy.it\/regolamentoue\/DPIA\"><span class=\"s2\">https:\/\/www.garanteprivacy.it\/regolamentoue\/DPIA<\/span><\/a>, l\u2019Utente pu\u00f2, secondo le modalit\u00e0 e nei limiti previsti dalla vigente normativa, esercitare i seguenti diritti:<\/span><\/p>\n<p class=\"p2\"><span class=\"s1\">&#8211;\u00a0\u00a0\u00a0\u00a0\u00a0\u00a0opporsi in tutto o in parte, per motivi legittimi al trattamento dei dati personali che lo riguardano ai fini di invio di materiale pubblicitario o di vendita diretta o per il compimento di ricerche di mercato o di comunicazione commerciale;<\/span><\/p>\n<p class=\"p2\"><span class=\"s1\">&#8211;\u00a0\u00a0\u00a0\u00a0\u00a0\u00a0richiedere la conferma dell\u2019esistenza di dati personali che lo riguardano (diritto di accesso);<\/span><\/p>\n<p class=\"p2\"><span class=\"s1\">&#8211;\u00a0\u00a0\u00a0\u00a0\u00a0\u00a0conoscerne l\u2019origine;<\/span><\/p>\n<p class=\"p2\"><span class=\"s1\">&#8211;\u00a0\u00a0\u00a0\u00a0\u00a0\u00a0riceverne comunicazione intelligibile;<\/span><\/p>\n<p class=\"p2\"><span class=\"s1\">&#8211;\u00a0\u00a0\u00a0\u00a0\u00a0\u00a0avere informazioni circa la logica, le modalit\u00e0 e le finalit\u00e0 del trattamento;<\/span><\/p>\n<p class=\"p2\"><span class=\"s1\">&#8211;\u00a0\u00a0\u00a0\u00a0\u00a0\u00a0richiederne l\u2019aggiornamento, la rettifica, l\u2019integrazione, la cancellazione, la trasformazione in forma anonima, il blocco dei dati trattati in violazione di legge, ivi compresi quelli non pi\u00f9 necessari al perseguimento degli scopi per i quali sono stati raccolti;<\/span><\/p>\n<p class=\"p2\"><span class=\"s1\">&#8211;\u00a0\u00a0\u00a0\u00a0\u00a0\u00a0nei casi di trattamento basato su consenso, ricevere al solo costo dell\u2019eventuale supporto, i suoi dati forniti al titolare, in forma strutturata e leggibile da un elaboratore di dati e in un formato comunemente usato da un dispositivo elettronico;<\/span><\/p>\n<p class=\"p2\"><span class=\"s1\">&#8211;\u00a0\u00a0\u00a0\u00a0\u00a0\u00a0il diritto di presentare un reclamo all\u2019Autorit\u00e0 di controllo (Garante Privacy \u2013\u00a0<a href=\"https:\/\/www.garanteprivacy.it\/\"><span class=\"s2\">link alla pagina del Garante<\/span><\/a>);<\/span><\/p>\n<p class=\"p2\"><span class=\"s1\">&#8211;\u00a0\u00a0\u00a0\u00a0\u00a0\u00a0nonch\u00e9, pi\u00f9 in generale, esercitare tutti i diritti che gli sono riconosciuti dalle vigenti disposizioni di legge.<\/span><\/p>\n<p class=\"p2\"><span class=\"s1\">Nel caso in cui i dati siano trattati in base ai\u00a0<\/span><span class=\"s4\"><b>legittimi interessi<\/b><\/span><span class=\"s1\">\u00a0sono comunque garantiti i diritti degli interessati al trattamento (tranne il diritto alla portabilit\u00e0 che non \u00e8 previsto dalle norme), in particolare il diritto di opposizione al trattamento che pu\u00f2 essere esercitato inviando una richiesta al titolare del trattamento.<\/span><\/p>\n<p class=\"p2\"><span class=\"s1\">Le richieste vanno rivolte al Titolare del trattamento.<\/span><\/p>\n<p class=\"p2\"><span class=\"s1\">\u00a0<\/span><\/p>\n<p class=\"p1\"><span class=\"s1\"><b>Titolare del trattamento<\/b><\/span><\/p>\n<p class=\"p2\"><span class=\"s1\">Titolare del trattamento ai sensi delle leggi vigenti \u00e8 Antica Sena.<\/span><\/p>\n<\/div><\/div><\/div><\/div><\/div>","protected":false},"excerpt":{"rendered":"","protected":false},"author":1,"featured_media":0,"parent":0,"menu_order":0,"comment_status":"closed","ping_status":"closed","template":"","meta":{"footnotes":""},"class_list":["post-1917","page","type-page","status-publish","hentry"],"yoast_head":"<!-- This site is optimized with the Yoast SEO plugin v27.6 - https:\/\/yoast.com\/product\/yoast-seo-wordpress\/ -->\n<title>Privacy - Antica Sena<\/title>\n<meta name=\"robots\" content=\"index, follow, max-snippet:-1, max-image-preview:large, max-video-preview:-1\" \/>\n<link rel=\"canonical\" href=\"https:\/\/anticasena.it\/en\/privacy\/\" \/>\n<meta property=\"og:locale\" content=\"en_GB\" \/>\n<meta property=\"og:type\" content=\"article\" \/>\n<meta property=\"og:title\" content=\"Privacy - Antica Sena\" \/>\n<meta property=\"og:url\" content=\"https:\/\/anticasena.it\/en\/privacy\/\" \/>\n<meta property=\"og:site_name\" content=\"Antica Sena\" \/>\n<meta property=\"article:modified_time\" content=\"2021-07-06T12:47:07+00:00\" \/>\n<meta name=\"twitter:card\" content=\"summary_large_image\" \/>\n<meta name=\"twitter:label1\" content=\"Estimated reading time\" \/>\n\t<meta name=\"twitter:data1\" content=\"5 minutes\" \/>\n<script type=\"application\/ld+json\" class=\"yoast-schema-graph\">{\"@context\":\"https:\\\/\\\/schema.org\",\"@graph\":[{\"@type\":\"WebPage\",\"@id\":\"https:\\\/\\\/anticasena.it\\\/privacy\\\/\",\"url\":\"https:\\\/\\\/anticasena.it\\\/privacy\\\/\",\"name\":\"Privacy - Antica Sena\",\"isPartOf\":{\"@id\":\"https:\\\/\\\/anticasena.it\\\/#website\"},\"datePublished\":\"2021-02-03T10:05:06+00:00\",\"dateModified\":\"2021-07-06T12:47:07+00:00\",\"breadcrumb\":{\"@id\":\"https:\\\/\\\/anticasena.it\\\/privacy\\\/#breadcrumb\"},\"inLanguage\":\"en-GB\",\"potentialAction\":[{\"@type\":\"ReadAction\",\"target\":[\"https:\\\/\\\/anticasena.it\\\/privacy\\\/\"]}]},{\"@type\":\"BreadcrumbList\",\"@id\":\"https:\\\/\\\/anticasena.it\\\/privacy\\\/#breadcrumb\",\"itemListElement\":[{\"@type\":\"ListItem\",\"position\":1,\"name\":\"Home\",\"item\":\"https:\\\/\\\/anticasena.it\\\/\"},{\"@type\":\"ListItem\",\"position\":2,\"name\":\"Privacy\"}]},{\"@type\":\"WebSite\",\"@id\":\"https:\\\/\\\/anticasena.it\\\/#website\",\"url\":\"https:\\\/\\\/anticasena.it\\\/\",\"name\":\"Antica Sena\",\"description\":\"\",\"potentialAction\":[{\"@type\":\"SearchAction\",\"target\":{\"@type\":\"EntryPoint\",\"urlTemplate\":\"https:\\\/\\\/anticasena.it\\\/?s={search_term_string}\"},\"query-input\":{\"@type\":\"PropertyValueSpecification\",\"valueRequired\":true,\"valueName\":\"search_term_string\"}}],\"inLanguage\":\"en-GB\"}]}<\/script>\n<!-- \/ Yoast SEO plugin. -->","yoast_head_json":{"title":"Privacy - Antica Sena","robots":{"index":"index","follow":"follow","max-snippet":"max-snippet:-1","max-image-preview":"max-image-preview:large","max-video-preview":"max-video-preview:-1"},"canonical":"https:\/\/anticasena.it\/en\/privacy\/","og_locale":"en_GB","og_type":"article","og_title":"Privacy - Antica Sena","og_url":"https:\/\/anticasena.it\/en\/privacy\/","og_site_name":"Antica Sena","article_modified_time":"2021-07-06T12:47:07+00:00","twitter_card":"summary_large_image","twitter_misc":{"Estimated reading time":"5 minutes"},"schema":{"@context":"https:\/\/schema.org","@graph":[{"@type":"WebPage","@id":"https:\/\/anticasena.it\/privacy\/","url":"https:\/\/anticasena.it\/privacy\/","name":"Privacy - Antica Sena","isPartOf":{"@id":"https:\/\/anticasena.it\/#website"},"datePublished":"2021-02-03T10:05:06+00:00","dateModified":"2021-07-06T12:47:07+00:00","breadcrumb":{"@id":"https:\/\/anticasena.it\/privacy\/#breadcrumb"},"inLanguage":"en-GB","potentialAction":[{"@type":"ReadAction","target":["https:\/\/anticasena.it\/privacy\/"]}]},{"@type":"BreadcrumbList","@id":"https:\/\/anticasena.it\/privacy\/#breadcrumb","itemListElement":[{"@type":"ListItem","position":1,"name":"Home","item":"https:\/\/anticasena.it\/"},{"@type":"ListItem","position":2,"name":"Privacy"}]},{"@type":"WebSite","@id":"https:\/\/anticasena.it\/#website","url":"https:\/\/anticasena.it\/","name":"Antica Sena","description":"","potentialAction":[{"@type":"SearchAction","target":{"@type":"EntryPoint","urlTemplate":"https:\/\/anticasena.it\/?s={search_term_string}"},"query-input":{"@type":"PropertyValueSpecification","valueRequired":true,"valueName":"search_term_string"}}],"inLanguage":"en-GB"}]}},"_links":{"self":[{"href":"https:\/\/anticasena.it\/en\/wp-json\/wp\/v2\/pages\/1917","targetHints":{"allow":["GET"]}}],"collection":[{"href":"https:\/\/anticasena.it\/en\/wp-json\/wp\/v2\/pages"}],"about":[{"href":"https:\/\/anticasena.it\/en\/wp-json\/wp\/v2\/types\/page"}],"author":[{"embeddable":true,"href":"https:\/\/anticasena.it\/en\/wp-json\/wp\/v2\/users\/1"}],"replies":[{"embeddable":true,"href":"https:\/\/anticasena.it\/en\/wp-json\/wp\/v2\/comments?post=1917"}],"version-history":[{"count":6,"href":"https:\/\/anticasena.it\/en\/wp-json\/wp\/v2\/pages\/1917\/revisions"}],"predecessor-version":[{"id":1919,"href":"https:\/\/anticasena.it\/en\/wp-json\/wp\/v2\/pages\/1917\/revisions\/1919"}],"wp:attachment":[{"href":"https:\/\/anticasena.it\/en\/wp-json\/wp\/v2\/media?parent=1917"}],"curies":[{"name":"wp","href":"https:\/\/api.w.org\/{rel}","templated":true}]}}